{"id":91,"date":"2020-09-10T18:33:31","date_gmt":"2020-09-10T16:33:31","guid":{"rendered":"http:\/\/www.ytema.se\/?page_id=91"},"modified":"2020-09-10T21:15:41","modified_gmt":"2020-09-10T19:15:41","slug":"om-oss","status":"publish","type":"page","link":"http:\/\/www.ytema.se\/?page_id=91","title":{"rendered":"Transparens f\u00f6r v\u00e5ra kunder. F\u00e4rgstarka i v\u00e5rt arbete."},"content":{"rendered":"\n<p>YTEMA \u00e4r ett m\u00e5lerif\u00f6retag som drivs av Daniel Hedman &amp; Anders Sundby. Daniel &amp; Anders har m\u00e5ng\u00e5rig erfarenhet inom m\u00e5leri, men ocks\u00e5 ett starkt samf\u00f6rst\u00e5nd och v\u00e4rderingar som genomsyras i f\u00f6retagets vision och rykte. <\/p>\n\n\n\n<p>Ytema st\u00e5r f\u00f6r en \u00e4rlig och tydlig kommunikation och Ytemas m\u00e5l \u00e4r att alltid leverera det som utlovats, med detta som v\u00e4rdegrund har Ytema vuxit sig starkt p\u00e5 marknaden och genom goda resultat har Ytema etablerat ett gott rykte bland f\u00f6retag och privatkunder.<br>D\u00e4rav v\u00e5r n\u00e5got lekfulla slogan: <br>Transparens f\u00f6r v\u00e5ra kunder. F\u00e4rgstarka i v\u00e5rt arbete. <\/p>\n\n\n\n<p>Vi innehar sj\u00e4lvklart M\u00e4starbrev samt godk\u00e4nt Ges\u00e4llprov.<br>Vi kvalitetss\u00e4krar \u00e4ven v\u00e5ra arbeten genom kontinuerliga utbildningar s\u00e5som Epoxy, f\u00e4rgprov &amp; hantering av kemi mm.&nbsp;<\/p>\n","protected":false},"excerpt":{"rendered":"<p>YTEMA \u00e4r ett m\u00e5lerif\u00f6retag som drivs av Daniel Hedman &amp; Anders Sundby. Daniel &amp; Anders har m\u00e5ng\u00e5rig erfarenhet inom m\u00e5leri, men ocks\u00e5 ett starkt samf\u00f6rst\u00e5nd [&hellip;]<\/p>\n","protected":false},"author":2,"featured_media":34,"parent":0,"menu_order":0,"comment_status":"closed","ping_status":"closed","template":"","meta":[],"yoast_head":"<!-- This site is optimized with the Yoast SEO plugin v14.9 - https:\/\/yoast.com\/wordpress\/plugins\/seo\/ -->\r\n<meta name=\"robots\" content=\"index, follow, max-snippet:-1, max-image-preview:large, max-video-preview:-1\" \/>\r\n<link rel=\"canonical\" href=\"http:\/\/www.ytema.se\/?page_id=91\" \/>\r\n<meta property=\"og:locale\" content=\"sv_SE\" \/>\r\n<meta property=\"og:type\" content=\"article\" \/>\r\n<meta property=\"og:title\" content=\"Transparens f\u00f6r v\u00e5ra kunder. F\u00e4rgstarka i v\u00e5rt arbete. - Ytema M\u00e5leri\" \/>\r\n<meta property=\"og:description\" content=\"YTEMA \u00e4r ett m\u00e5lerif\u00f6retag som drivs av Daniel Hedman &amp; Anders Sundby. Daniel &amp; Anders har m\u00e5ng\u00e5rig erfarenhet inom m\u00e5leri, men ocks\u00e5 ett starkt samf\u00f6rst\u00e5nd [&hellip;]\" \/>\r\n<meta property=\"og:url\" content=\"http:\/\/www.ytema.se\/?page_id=91\" \/>\r\n<meta property=\"og:site_name\" content=\"Ytema M\u00e5leri\" \/>\r\n<meta property=\"article:modified_time\" content=\"2020-09-10T19:15:41+00:00\" \/>\r\n<meta property=\"og:image\" content=\"http:\/\/www.ytema.se\/wp-content\/uploads\/2020\/08\/img-1-1000x800-1.jpg\" \/>\r\n\t<meta property=\"og:image:width\" content=\"1000\" \/>\r\n\t<meta property=\"og:image:height\" content=\"800\" \/>\r\n<meta name=\"twitter:card\" content=\"summary_large_image\" \/>\r\n<script type=\"application\/ld+json\" class=\"yoast-schema-graph\">{\"@context\":\"https:\/\/schema.org\",\"@graph\":[{\"@type\":\"WebSite\",\"@id\":\"http:\/\/www.ytema.se\/#website\",\"url\":\"http:\/\/www.ytema.se\/\",\"name\":\"Ytema M\\u00e5leri\",\"description\":\"Transparens f\\u00f6r v\\u00e5ra kunder. F\\u00e4rgstarka i v\\u00e5rt arbete.\",\"potentialAction\":[{\"@type\":\"SearchAction\",\"target\":\"http:\/\/www.ytema.se\/?s={search_term_string}\",\"query-input\":\"required name=search_term_string\"}],\"inLanguage\":\"sv-SE\"},{\"@type\":\"ImageObject\",\"@id\":\"http:\/\/www.ytema.se\/?page_id=91#primaryimage\",\"inLanguage\":\"sv-SE\",\"url\":\"http:\/\/www.ytema.se\/wp-content\/uploads\/2020\/08\/img-1-1000x800-1.jpg\",\"width\":1000,\"height\":800},{\"@type\":\"WebPage\",\"@id\":\"http:\/\/www.ytema.se\/?page_id=91#webpage\",\"url\":\"http:\/\/www.ytema.se\/?page_id=91\",\"name\":\"Transparens f\\u00f6r v\\u00e5ra kunder. F\\u00e4rgstarka i v\\u00e5rt arbete. - Ytema M\\u00e5leri\",\"isPartOf\":{\"@id\":\"http:\/\/www.ytema.se\/#website\"},\"primaryImageOfPage\":{\"@id\":\"http:\/\/www.ytema.se\/?page_id=91#primaryimage\"},\"datePublished\":\"2020-09-10T16:33:31+00:00\",\"dateModified\":\"2020-09-10T19:15:41+00:00\",\"inLanguage\":\"sv-SE\",\"potentialAction\":[{\"@type\":\"ReadAction\",\"target\":[\"http:\/\/www.ytema.se\/?page_id=91\"]}]}]}<\/script>\r\n<!-- \/ Yoast SEO plugin. -->","_links":{"self":[{"href":"http:\/\/www.ytema.se\/index.php?rest_route=\/wp\/v2\/pages\/91"}],"collection":[{"href":"http:\/\/www.ytema.se\/index.php?rest_route=\/wp\/v2\/pages"}],"about":[{"href":"http:\/\/www.ytema.se\/index.php?rest_route=\/wp\/v2\/types\/page"}],"author":[{"embeddable":true,"href":"http:\/\/www.ytema.se\/index.php?rest_route=\/wp\/v2\/users\/2"}],"replies":[{"embeddable":true,"href":"http:\/\/www.ytema.se\/index.php?rest_route=%2Fwp%2Fv2%2Fcomments&post=91"}],"version-history":[{"count":18,"href":"http:\/\/www.ytema.se\/index.php?rest_route=\/wp\/v2\/pages\/91\/revisions"}],"predecessor-version":[{"id":171,"href":"http:\/\/www.ytema.se\/index.php?rest_route=\/wp\/v2\/pages\/91\/revisions\/171"}],"wp:featuredmedia":[{"embeddable":true,"href":"http:\/\/www.ytema.se\/index.php?rest_route=\/wp\/v2\/media\/34"}],"wp:attachment":[{"href":"http:\/\/www.ytema.se\/index.php?rest_route=%2Fwp%2Fv2%2Fmedia&parent=91"}],"curies":[{"name":"wp","href":"https:\/\/api.w.org\/{rel}","templated":true}]}}