{"id":127,"date":"2020-09-10T19:56:07","date_gmt":"2020-09-10T17:56:07","guid":{"rendered":"http:\/\/www.ytema.se\/?page_id=127"},"modified":"2020-09-10T21:32:49","modified_gmt":"2020-09-10T19:32:49","slug":"tapetsering","status":"publish","type":"page","link":"http:\/\/www.ytema.se\/?page_id=127","title":{"rendered":"Tapetsering"},"content":{"rendered":"\n<p>Tapetsering h\u00f6r till en m\u00e5lares vardag och vi p\u00e5 Ytema arbetar g\u00e4rna med alla typer av tapet. <br>\u00d6nskar ni r\u00e5dgivning av f\u00e4rg &amp; m\u00f6nster s\u00e5 \u00e4r vi sj\u00e4lvklart behj\u00e4lpliga d\u00e4r och hj\u00e4lper er visualisera ett bra resultat!<br>Tapetsering f\u00f6r oss handlar om noggrannhet och bra f\u00f6rberedning, <br>vi l\u00e4mnar alltid garanti p\u00e5 b\u00e5de material och arbete f\u00f6r att kvalitetss\u00e4kra er best\u00e4llning.<br><br>Beh\u00f6ver ni konsultation? Kontakta oss s\u00e5 tar vi fram f\u00f6rslag \u00e5t er smidigt och kostnadsfritt!<\/p>\n","protected":false},"excerpt":{"rendered":"<p>Tapetsering h\u00f6r till en m\u00e5lares vardag och vi p\u00e5 Ytema arbetar g\u00e4rna med alla typer av tapet. \u00d6nskar ni r\u00e5dgivning av f\u00e4rg &amp; m\u00f6nster s\u00e5 [&hellip;]<\/p>\n","protected":false},"author":2,"featured_media":175,"parent":0,"menu_order":0,"comment_status":"closed","ping_status":"closed","template":"","meta":[],"yoast_head":"<!-- This site is optimized with the Yoast SEO plugin v14.9 - https:\/\/yoast.com\/wordpress\/plugins\/seo\/ -->\r\n<meta name=\"robots\" content=\"index, follow, max-snippet:-1, max-image-preview:large, max-video-preview:-1\" \/>\r\n<link rel=\"canonical\" href=\"http:\/\/www.ytema.se\/?page_id=127\" \/>\r\n<meta property=\"og:locale\" content=\"sv_SE\" \/>\r\n<meta property=\"og:type\" content=\"article\" \/>\r\n<meta property=\"og:title\" content=\"Tapetsering - Ytema M\u00e5leri\" \/>\r\n<meta property=\"og:description\" content=\"Tapetsering h\u00f6r till en m\u00e5lares vardag och vi p\u00e5 Ytema arbetar g\u00e4rna med alla typer av tapet. \u00d6nskar ni r\u00e5dgivning av f\u00e4rg &amp; m\u00f6nster s\u00e5 [&hellip;]\" \/>\r\n<meta property=\"og:url\" content=\"http:\/\/www.ytema.se\/?page_id=127\" \/>\r\n<meta property=\"og:site_name\" content=\"Ytema M\u00e5leri\" \/>\r\n<meta property=\"article:modified_time\" content=\"2020-09-10T19:32:49+00:00\" \/>\r\n<meta name=\"twitter:card\" content=\"summary_large_image\" \/>\r\n<meta name=\"twitter:image\" content=\"http:\/\/www.ytema.se\/wp-content\/uploads\/2020\/09\/joel-lerch-Mx3CAlNnDMc-unsplash.jpg\" \/>\r\n<script type=\"application\/ld+json\" class=\"yoast-schema-graph\">{\"@context\":\"https:\/\/schema.org\",\"@graph\":[{\"@type\":\"WebSite\",\"@id\":\"http:\/\/www.ytema.se\/#website\",\"url\":\"http:\/\/www.ytema.se\/\",\"name\":\"Ytema M\\u00e5leri\",\"description\":\"Transparens f\\u00f6r v\\u00e5ra kunder. F\\u00e4rgstarka i v\\u00e5rt arbete.\",\"potentialAction\":[{\"@type\":\"SearchAction\",\"target\":\"http:\/\/www.ytema.se\/?s={search_term_string}\",\"query-input\":\"required name=search_term_string\"}],\"inLanguage\":\"sv-SE\"},{\"@type\":\"ImageObject\",\"@id\":\"http:\/\/www.ytema.se\/?page_id=127#primaryimage\",\"inLanguage\":\"sv-SE\",\"url\":\"http:\/\/www.ytema.se\/wp-content\/uploads\/2020\/09\/joel-lerch-Mx3CAlNnDMc-unsplash.jpg\",\"width\":3024,\"height\":4032},{\"@type\":\"WebPage\",\"@id\":\"http:\/\/www.ytema.se\/?page_id=127#webpage\",\"url\":\"http:\/\/www.ytema.se\/?page_id=127\",\"name\":\"Tapetsering - Ytema M\\u00e5leri\",\"isPartOf\":{\"@id\":\"http:\/\/www.ytema.se\/#website\"},\"primaryImageOfPage\":{\"@id\":\"http:\/\/www.ytema.se\/?page_id=127#primaryimage\"},\"datePublished\":\"2020-09-10T17:56:07+00:00\",\"dateModified\":\"2020-09-10T19:32:49+00:00\",\"inLanguage\":\"sv-SE\",\"potentialAction\":[{\"@type\":\"ReadAction\",\"target\":[\"http:\/\/www.ytema.se\/?page_id=127\"]}]}]}<\/script>\r\n<!-- \/ Yoast SEO plugin. -->","_links":{"self":[{"href":"http:\/\/www.ytema.se\/index.php?rest_route=\/wp\/v2\/pages\/127"}],"collection":[{"href":"http:\/\/www.ytema.se\/index.php?rest_route=\/wp\/v2\/pages"}],"about":[{"href":"http:\/\/www.ytema.se\/index.php?rest_route=\/wp\/v2\/types\/page"}],"author":[{"embeddable":true,"href":"http:\/\/www.ytema.se\/index.php?rest_route=\/wp\/v2\/users\/2"}],"replies":[{"embeddable":true,"href":"http:\/\/www.ytema.se\/index.php?rest_route=%2Fwp%2Fv2%2Fcomments&post=127"}],"version-history":[{"count":9,"href":"http:\/\/www.ytema.se\/index.php?rest_route=\/wp\/v2\/pages\/127\/revisions"}],"predecessor-version":[{"id":176,"href":"http:\/\/www.ytema.se\/index.php?rest_route=\/wp\/v2\/pages\/127\/revisions\/176"}],"wp:featuredmedia":[{"embeddable":true,"href":"http:\/\/www.ytema.se\/index.php?rest_route=\/wp\/v2\/media\/175"}],"wp:attachment":[{"href":"http:\/\/www.ytema.se\/index.php?rest_route=%2Fwp%2Fv2%2Fmedia&parent=127"}],"curies":[{"name":"wp","href":"https:\/\/api.w.org\/{rel}","templated":true}]}}