{"id":122,"date":"2020-09-10T19:54:54","date_gmt":"2020-09-10T17:54:54","guid":{"rendered":"http:\/\/www.ytema.se\/?page_id=122"},"modified":"2020-09-10T20:52:56","modified_gmt":"2020-09-10T18:52:56","slug":"hus-fasad","status":"publish","type":"page","link":"http:\/\/www.ytema.se\/?page_id=122","title":{"rendered":"Hus &#038; fasad"},"content":{"rendered":"\n<p>Ytema behandlar de flesta typer av fasader och ytor i utemilj\u00f6.<br>Vi konsulterar g\u00e4rna med dig som kund och f\u00f6resl\u00e5r l\u00f6sningar efter era behov, vi utf\u00f6r alltid v\u00e5ra ute-projekt med god f\u00f6rberedelse och respekt f\u00f6r r\u00e5dande v\u00e4derlek. Efter avslutat arbete g\u00e5r vi alltid igenom arbetet noggrant med kund och st\u00e4dar efter oss.<br>v\u00e5ra tidigare kunder genom \u00e5ren \u00e4r en god referens f\u00f6r att vi utf\u00f6r ett gediget och proffsigt arbete, vi l\u00e4mnar sj\u00e4lvklart g\u00e4rna referenser och bilder efter f\u00f6rfr\u00e5gan.&nbsp;<\/p>\n","protected":false},"excerpt":{"rendered":"<p>Ytema behandlar de flesta typer av fasader och ytor i utemilj\u00f6.Vi konsulterar g\u00e4rna med dig som kund och f\u00f6resl\u00e5r l\u00f6sningar efter era behov, vi utf\u00f6r [&hellip;]<\/p>\n","protected":false},"author":2,"featured_media":99,"parent":0,"menu_order":0,"comment_status":"closed","ping_status":"closed","template":"","meta":[],"yoast_head":"<!-- This site is optimized with the Yoast SEO plugin v14.9 - https:\/\/yoast.com\/wordpress\/plugins\/seo\/ -->\r\n<meta name=\"robots\" content=\"index, follow, max-snippet:-1, max-image-preview:large, max-video-preview:-1\" \/>\r\n<link rel=\"canonical\" href=\"http:\/\/www.ytema.se\/?page_id=122\" \/>\r\n<meta property=\"og:locale\" content=\"sv_SE\" \/>\r\n<meta property=\"og:type\" content=\"article\" \/>\r\n<meta property=\"og:title\" content=\"Hus &amp; fasad - Ytema M\u00e5leri\" \/>\r\n<meta property=\"og:description\" content=\"Ytema behandlar de flesta typer av fasader och ytor i utemilj\u00f6.Vi konsulterar g\u00e4rna med dig som kund och f\u00f6resl\u00e5r l\u00f6sningar efter era behov, vi utf\u00f6r [&hellip;]\" \/>\r\n<meta property=\"og:url\" content=\"http:\/\/www.ytema.se\/?page_id=122\" \/>\r\n<meta property=\"og:site_name\" content=\"Ytema M\u00e5leri\" \/>\r\n<meta property=\"article:modified_time\" content=\"2020-09-10T18:52:56+00:00\" \/>\r\n<meta property=\"og:image\" content=\"http:\/\/www.ytema.se\/wp-content\/uploads\/2020\/09\/88331238_584484705612602_7871962759011762176_n.jpg\" \/>\r\n\t<meta property=\"og:image:width\" content=\"750\" \/>\r\n\t<meta property=\"og:image:height\" content=\"563\" \/>\r\n<meta name=\"twitter:card\" content=\"summary_large_image\" \/>\r\n<script type=\"application\/ld+json\" class=\"yoast-schema-graph\">{\"@context\":\"https:\/\/schema.org\",\"@graph\":[{\"@type\":\"WebSite\",\"@id\":\"http:\/\/www.ytema.se\/#website\",\"url\":\"http:\/\/www.ytema.se\/\",\"name\":\"Ytema M\\u00e5leri\",\"description\":\"Transparens f\\u00f6r v\\u00e5ra kunder. F\\u00e4rgstarka i v\\u00e5rt arbete.\",\"potentialAction\":[{\"@type\":\"SearchAction\",\"target\":\"http:\/\/www.ytema.se\/?s={search_term_string}\",\"query-input\":\"required name=search_term_string\"}],\"inLanguage\":\"sv-SE\"},{\"@type\":\"ImageObject\",\"@id\":\"http:\/\/www.ytema.se\/?page_id=122#primaryimage\",\"inLanguage\":\"sv-SE\",\"url\":\"http:\/\/www.ytema.se\/wp-content\/uploads\/2020\/09\/88331238_584484705612602_7871962759011762176_n.jpg\",\"width\":750,\"height\":563},{\"@type\":\"WebPage\",\"@id\":\"http:\/\/www.ytema.se\/?page_id=122#webpage\",\"url\":\"http:\/\/www.ytema.se\/?page_id=122\",\"name\":\"Hus & fasad - Ytema M\\u00e5leri\",\"isPartOf\":{\"@id\":\"http:\/\/www.ytema.se\/#website\"},\"primaryImageOfPage\":{\"@id\":\"http:\/\/www.ytema.se\/?page_id=122#primaryimage\"},\"datePublished\":\"2020-09-10T17:54:54+00:00\",\"dateModified\":\"2020-09-10T18:52:56+00:00\",\"inLanguage\":\"sv-SE\",\"potentialAction\":[{\"@type\":\"ReadAction\",\"target\":[\"http:\/\/www.ytema.se\/?page_id=122\"]}]}]}<\/script>\r\n<!-- \/ Yoast SEO plugin. -->","_links":{"self":[{"href":"http:\/\/www.ytema.se\/index.php?rest_route=\/wp\/v2\/pages\/122"}],"collection":[{"href":"http:\/\/www.ytema.se\/index.php?rest_route=\/wp\/v2\/pages"}],"about":[{"href":"http:\/\/www.ytema.se\/index.php?rest_route=\/wp\/v2\/types\/page"}],"author":[{"embeddable":true,"href":"http:\/\/www.ytema.se\/index.php?rest_route=\/wp\/v2\/users\/2"}],"replies":[{"embeddable":true,"href":"http:\/\/www.ytema.se\/index.php?rest_route=%2Fwp%2Fv2%2Fcomments&post=122"}],"version-history":[{"count":6,"href":"http:\/\/www.ytema.se\/index.php?rest_route=\/wp\/v2\/pages\/122\/revisions"}],"predecessor-version":[{"id":157,"href":"http:\/\/www.ytema.se\/index.php?rest_route=\/wp\/v2\/pages\/122\/revisions\/157"}],"wp:featuredmedia":[{"embeddable":true,"href":"http:\/\/www.ytema.se\/index.php?rest_route=\/wp\/v2\/media\/99"}],"wp:attachment":[{"href":"http:\/\/www.ytema.se\/index.php?rest_route=%2Fwp%2Fv2%2Fmedia&parent=122"}],"curies":[{"name":"wp","href":"https:\/\/api.w.org\/{rel}","templated":true}]}}