{"id":117,"date":"2020-09-10T19:53:13","date_gmt":"2020-09-10T17:53:13","guid":{"rendered":"http:\/\/www.ytema.se\/?page_id=117"},"modified":"2020-09-10T21:00:53","modified_gmt":"2020-09-10T19:00:53","slug":"maleri-renovering-nybyggnation%e2%80%a8","status":"publish","type":"page","link":"http:\/\/www.ytema.se\/?page_id=117","title":{"rendered":"M\u00e5leri &#8211; renovering &#038; nybyggnation\u2028"},"content":{"rendered":"\n<p>Vi utf\u00f6r traditionell renoveringsm\u00e5lning samt nybyggnationer av alla slags ytor som kunden \u00f6nskar. Allt ifr\u00e5n behandling av tak\/v\u00e4ggar div. snickerier, radiatorer etc.<\/p>\n\n\n\n<p>F\u00f6r privatkunder erbjuder vi sj\u00e4lvklart m\u00f6jlighet till ROT-avdrag d\u00e4r vi sk\u00f6ter hela ans\u00f6kan \u00e5t kund.<br><br>Vi har god erfarenhet av m\u00e5leri vid nybyggnation och st\u00f6rre projekt.<br>En av v\u00e5ra styrkor \u00e4r v\u00e5r medvetenhet och respekt f\u00f6r leverans och kommunikation vid byggprojekt och st\u00f6rre renoveringar, vi har goda referenser fr\u00e5n flertal projekt genom \u00e5ren.&nbsp;<\/p>\n","protected":false},"excerpt":{"rendered":"<p>Vi utf\u00f6r traditionell renoveringsm\u00e5lning samt nybyggnationer av alla slags ytor som kunden \u00f6nskar. Allt ifr\u00e5n behandling av tak\/v\u00e4ggar div. snickerier, radiatorer etc. F\u00f6r privatkunder erbjuder [&hellip;]<\/p>\n","protected":false},"author":2,"featured_media":160,"parent":0,"menu_order":0,"comment_status":"closed","ping_status":"closed","template":"","meta":[],"yoast_head":"<!-- This site is optimized with the Yoast SEO plugin v14.9 - https:\/\/yoast.com\/wordpress\/plugins\/seo\/ -->\r\n<meta name=\"robots\" content=\"index, follow, max-snippet:-1, max-image-preview:large, max-video-preview:-1\" \/>\r\n<link rel=\"canonical\" href=\"http:\/\/www.ytema.se\/?page_id=117\" \/>\r\n<meta property=\"og:locale\" content=\"sv_SE\" \/>\r\n<meta property=\"og:type\" content=\"article\" \/>\r\n<meta property=\"og:title\" content=\"M\u00e5leri - renovering &amp; nybyggnation\u2028 - Ytema M\u00e5leri\" \/>\r\n<meta property=\"og:description\" content=\"Vi utf\u00f6r traditionell renoveringsm\u00e5lning samt nybyggnationer av alla slags ytor som kunden \u00f6nskar. Allt ifr\u00e5n behandling av tak\/v\u00e4ggar div. snickerier, radiatorer etc. F\u00f6r privatkunder erbjuder [&hellip;]\" \/>\r\n<meta property=\"og:url\" content=\"http:\/\/www.ytema.se\/?page_id=117\" \/>\r\n<meta property=\"og:site_name\" content=\"Ytema M\u00e5leri\" \/>\r\n<meta property=\"article:modified_time\" content=\"2020-09-10T19:00:53+00:00\" \/>\r\n<meta property=\"og:image\" content=\"http:\/\/www.ytema.se\/wp-content\/uploads\/2020\/09\/yt-1.jpg\" \/>\r\n\t<meta property=\"og:image:width\" content=\"1752\" \/>\r\n\t<meta property=\"og:image:height\" content=\"1168\" \/>\r\n<meta name=\"twitter:card\" content=\"summary_large_image\" \/>\r\n<script type=\"application\/ld+json\" class=\"yoast-schema-graph\">{\"@context\":\"https:\/\/schema.org\",\"@graph\":[{\"@type\":\"WebSite\",\"@id\":\"http:\/\/www.ytema.se\/#website\",\"url\":\"http:\/\/www.ytema.se\/\",\"name\":\"Ytema M\\u00e5leri\",\"description\":\"Transparens f\\u00f6r v\\u00e5ra kunder. F\\u00e4rgstarka i v\\u00e5rt arbete.\",\"potentialAction\":[{\"@type\":\"SearchAction\",\"target\":\"http:\/\/www.ytema.se\/?s={search_term_string}\",\"query-input\":\"required name=search_term_string\"}],\"inLanguage\":\"sv-SE\"},{\"@type\":\"ImageObject\",\"@id\":\"http:\/\/www.ytema.se\/?page_id=117#primaryimage\",\"inLanguage\":\"sv-SE\",\"url\":\"http:\/\/www.ytema.se\/wp-content\/uploads\/2020\/09\/yt-1.jpg\",\"width\":1752,\"height\":1168},{\"@type\":\"WebPage\",\"@id\":\"http:\/\/www.ytema.se\/?page_id=117#webpage\",\"url\":\"http:\/\/www.ytema.se\/?page_id=117\",\"name\":\"M\\u00e5leri - renovering & nybyggnation\\u2028 - Ytema M\\u00e5leri\",\"isPartOf\":{\"@id\":\"http:\/\/www.ytema.se\/#website\"},\"primaryImageOfPage\":{\"@id\":\"http:\/\/www.ytema.se\/?page_id=117#primaryimage\"},\"datePublished\":\"2020-09-10T17:53:13+00:00\",\"dateModified\":\"2020-09-10T19:00:53+00:00\",\"inLanguage\":\"sv-SE\",\"potentialAction\":[{\"@type\":\"ReadAction\",\"target\":[\"http:\/\/www.ytema.se\/?page_id=117\"]}]}]}<\/script>\r\n<!-- \/ Yoast SEO plugin. -->","_links":{"self":[{"href":"http:\/\/www.ytema.se\/index.php?rest_route=\/wp\/v2\/pages\/117"}],"collection":[{"href":"http:\/\/www.ytema.se\/index.php?rest_route=\/wp\/v2\/pages"}],"about":[{"href":"http:\/\/www.ytema.se\/index.php?rest_route=\/wp\/v2\/types\/page"}],"author":[{"embeddable":true,"href":"http:\/\/www.ytema.se\/index.php?rest_route=\/wp\/v2\/users\/2"}],"replies":[{"embeddable":true,"href":"http:\/\/www.ytema.se\/index.php?rest_route=%2Fwp%2Fv2%2Fcomments&post=117"}],"version-history":[{"count":7,"href":"http:\/\/www.ytema.se\/index.php?rest_route=\/wp\/v2\/pages\/117\/revisions"}],"predecessor-version":[{"id":161,"href":"http:\/\/www.ytema.se\/index.php?rest_route=\/wp\/v2\/pages\/117\/revisions\/161"}],"wp:featuredmedia":[{"embeddable":true,"href":"http:\/\/www.ytema.se\/index.php?rest_route=\/wp\/v2\/media\/160"}],"wp:attachment":[{"href":"http:\/\/www.ytema.se\/index.php?rest_route=%2Fwp%2Fv2%2Fmedia&parent=117"}],"curies":[{"name":"wp","href":"https:\/\/api.w.org\/{rel}","templated":true}]}}