{"id":110,"date":"2020-09-10T19:17:55","date_gmt":"2020-09-10T17:17:55","guid":{"rendered":"http:\/\/www.ytema.se\/?page_id=110"},"modified":"2020-09-10T20:52:53","modified_gmt":"2020-09-10T18:52:53","slug":"industrigolv","status":"publish","type":"page","link":"http:\/\/www.ytema.se\/?page_id=110","title":{"rendered":"Industrigolv"},"content":{"rendered":"\n<p>Hantering av industrigolv kr\u00e4ver r\u00e4tt utrustning och en god erfarenhet av de olika skador som kan uppst\u00e5, vi har l\u00e5ng erfarnhet av alla typer av golv och de skador som kan finnas.<br>Golven slipas med diamantslipning ned till torr betong med en golvslip anpassad f\u00f6r stora ytor. Slipning sker innan bel\u00e4ggning av tex. epoxy och eller golvflex.<\/p>\n\n\n\n<p>Alla st\u00f6rre och mindre sprickor spacklas f\u00f6r att f\u00e5 en s\u00e5 bra slutprodukt som m\u00f6jligt.<\/p>\n","protected":false},"excerpt":{"rendered":"<p>Hantering av industrigolv kr\u00e4ver r\u00e4tt utrustning och en god erfarenhet av de olika skador som kan uppst\u00e5, vi har l\u00e5ng erfarnhet av alla typer av [&hellip;]<\/p>\n","protected":false},"author":2,"featured_media":88,"parent":0,"menu_order":0,"comment_status":"closed","ping_status":"closed","template":"","meta":[],"yoast_head":"<!-- This site is optimized with the Yoast SEO plugin v14.9 - https:\/\/yoast.com\/wordpress\/plugins\/seo\/ -->\r\n<meta name=\"robots\" content=\"index, follow, max-snippet:-1, max-image-preview:large, max-video-preview:-1\" \/>\r\n<link rel=\"canonical\" href=\"http:\/\/www.ytema.se\/?page_id=110\" \/>\r\n<meta property=\"og:locale\" content=\"sv_SE\" \/>\r\n<meta property=\"og:type\" content=\"article\" \/>\r\n<meta property=\"og:title\" content=\"Industrigolv - Ytema M\u00e5leri\" \/>\r\n<meta property=\"og:description\" content=\"Hantering av industrigolv kr\u00e4ver r\u00e4tt utrustning och en god erfarenhet av de olika skador som kan uppst\u00e5, vi har l\u00e5ng erfarnhet av alla typer av [&hellip;]\" \/>\r\n<meta property=\"og:url\" content=\"http:\/\/www.ytema.se\/?page_id=110\" \/>\r\n<meta property=\"og:site_name\" content=\"Ytema M\u00e5leri\" \/>\r\n<meta property=\"article:modified_time\" content=\"2020-09-10T18:52:53+00:00\" \/>\r\n<meta property=\"og:image\" content=\"http:\/\/www.ytema.se\/wp-content\/uploads\/2020\/09\/89817341_559185031614202_2536331999656804352_n-1.jpg\" \/>\r\n\t<meta property=\"og:image:width\" content=\"750\" \/>\r\n\t<meta property=\"og:image:height\" content=\"607\" \/>\r\n<meta name=\"twitter:card\" content=\"summary_large_image\" \/>\r\n<script type=\"application\/ld+json\" class=\"yoast-schema-graph\">{\"@context\":\"https:\/\/schema.org\",\"@graph\":[{\"@type\":\"WebSite\",\"@id\":\"http:\/\/www.ytema.se\/#website\",\"url\":\"http:\/\/www.ytema.se\/\",\"name\":\"Ytema M\\u00e5leri\",\"description\":\"Transparens f\\u00f6r v\\u00e5ra kunder. F\\u00e4rgstarka i v\\u00e5rt arbete.\",\"potentialAction\":[{\"@type\":\"SearchAction\",\"target\":\"http:\/\/www.ytema.se\/?s={search_term_string}\",\"query-input\":\"required name=search_term_string\"}],\"inLanguage\":\"sv-SE\"},{\"@type\":\"ImageObject\",\"@id\":\"http:\/\/www.ytema.se\/?page_id=110#primaryimage\",\"inLanguage\":\"sv-SE\",\"url\":\"http:\/\/www.ytema.se\/wp-content\/uploads\/2020\/09\/89817341_559185031614202_2536331999656804352_n-1.jpg\",\"width\":750,\"height\":607},{\"@type\":\"WebPage\",\"@id\":\"http:\/\/www.ytema.se\/?page_id=110#webpage\",\"url\":\"http:\/\/www.ytema.se\/?page_id=110\",\"name\":\"Industrigolv - Ytema M\\u00e5leri\",\"isPartOf\":{\"@id\":\"http:\/\/www.ytema.se\/#website\"},\"primaryImageOfPage\":{\"@id\":\"http:\/\/www.ytema.se\/?page_id=110#primaryimage\"},\"datePublished\":\"2020-09-10T17:17:55+00:00\",\"dateModified\":\"2020-09-10T18:52:53+00:00\",\"inLanguage\":\"sv-SE\",\"potentialAction\":[{\"@type\":\"ReadAction\",\"target\":[\"http:\/\/www.ytema.se\/?page_id=110\"]}]}]}<\/script>\r\n<!-- \/ Yoast SEO plugin. -->","_links":{"self":[{"href":"http:\/\/www.ytema.se\/index.php?rest_route=\/wp\/v2\/pages\/110"}],"collection":[{"href":"http:\/\/www.ytema.se\/index.php?rest_route=\/wp\/v2\/pages"}],"about":[{"href":"http:\/\/www.ytema.se\/index.php?rest_route=\/wp\/v2\/types\/page"}],"author":[{"embeddable":true,"href":"http:\/\/www.ytema.se\/index.php?rest_route=\/wp\/v2\/users\/2"}],"replies":[{"embeddable":true,"href":"http:\/\/www.ytema.se\/index.php?rest_route=%2Fwp%2Fv2%2Fcomments&post=110"}],"version-history":[{"count":9,"href":"http:\/\/www.ytema.se\/index.php?rest_route=\/wp\/v2\/pages\/110\/revisions"}],"predecessor-version":[{"id":156,"href":"http:\/\/www.ytema.se\/index.php?rest_route=\/wp\/v2\/pages\/110\/revisions\/156"}],"wp:featuredmedia":[{"embeddable":true,"href":"http:\/\/www.ytema.se\/index.php?rest_route=\/wp\/v2\/media\/88"}],"wp:attachment":[{"href":"http:\/\/www.ytema.se\/index.php?rest_route=%2Fwp%2Fv2%2Fmedia&parent=110"}],"curies":[{"name":"wp","href":"https:\/\/api.w.org\/{rel}","templated":true}]}}